{"id":398,"date":"2023-04-24T10:02:33","date_gmt":"2023-04-24T08:02:33","guid":{"rendered":"https:\/\/safekloud.eu\/?page_id=398"},"modified":"2025-09-08T09:46:43","modified_gmt":"2025-09-08T07:46:43","slug":"priser","status":"publish","type":"page","link":"https:\/\/safekloud.eu\/sv\/priser\/","title":{"rendered":"Priser"},"content":{"rendered":"<div class=\"gb-container gb-container-eb44fc97 gb-container-b1-c\">\n<div class=\"gb-container gb-container-06eebdd5 gb-container-b1-c-c\">\n<div class=\"gb-grid-wrapper gb-grid-wrapper-ace31e08 gb-grid-wrapper-b1-c-c-g\">\n<div class=\"gb-grid-column gb-grid-column-36d255df gb-grid-column-b1-c-c-g-c1\"><div class=\"gb-container gb-container-36d255df gb-container-b1-c-c-g-c1\">\n\n<h1 class=\"gb-headline gb-headline-00af3ac4 gb-headline-text gb-headline-b1-c-c-g-c1-hl1\">Priser<\/h1>\n\n\n\n<h3 class=\"gb-headline gb-headline-0531b67b gb-headline-text gb-headline-b1-c-c-g-c1-hl2\">Safekloud-priss\u00e4ttningen \u00e4r enkel och okomplicerad<\/h3>\n\n\n\n<p><\/p>\n\n\n\n<ul class=\"wp-block-list\">\n<li>Du betalar f\u00f6r lagring<\/li>\n\n\n\n<li>Du betalar ingenting f\u00f6r programvara eller appar<\/li>\n\n\n\n<li>\u00d6ka ditt lagringsutrymme efter behov<\/li>\n<\/ul>\n\n<\/div><\/div>\n\n<div class=\"gb-grid-column gb-grid-column-c3be0ece gb-grid-column-b1-c-c-g-c2\"><div class=\"gb-container gb-container-c3be0ece gb-container-b1-c-c-g-c2\">\n\n<figure class=\"gb-block-image gb-block-image-96d19d21\"><img loading=\"lazy\" decoding=\"async\" width=\"733\" height=\"702\" class=\"gb-image gb-image-96d19d21 gb-image-b1-c-c-g-c2-img\" src=\"https:\/\/safekloud.eu\/wp-content\/uploads\/2023\/04\/undraw_cloud_files_wmo8.svg\" alt=\"\" title=\"undraw_cloud_files_wmo8\"\/><\/figure>\n\n<\/div><\/div>\n<\/div>\n<\/div>\n<\/div>\n\n<div class=\"gb-container gb-container-c2bb6ee8 gb-container-b13-c\">\n<div class=\"gb-container gb-container-e434af0d gb-container-b3-c\">\n<div class=\"gb-container gb-container-27080a77\">\n\n<h2 class=\"gb-headline gb-headline-2fcc5ae4 gb-headline-text gb-headline-b3-c-hl1\">Best\u00e4ll Nextcloud som passar er<\/h2>\n\n\n\n<p class=\"gb-headline gb-headline-6735727c gb-headline-text gb-headline-b3-c-hl3\"><br>Vi erbjuder Nextcloud som enskilda konton och i en egen isolerad milj\u00f6.<br><br>Nextcloud som tj\u00e4nst i en egen isolerad milj\u00f6 passar er som \u00e4r lite fler anv\u00e4ndare och\/eller vill installera s\u00e4rskilda Nextcloud-appar. <br>Nextcloud som enskilda konton passar er som fr\u00e4mst vill kunna dela, ta emot samt lagra filer och dokument.<br><br>Oavsett vilken tj\u00e4nst ni v\u00e4ljer s\u00e5 lagras all information inom EU och\/eller Sverige.<\/p>\n\n<\/div>\n<\/div>\n\n<div class=\"gb-container gb-container-5d1a9f06\">\n<div class=\"gb-grid-wrapper gb-grid-wrapper-82163c25 gb-grid-wrapper-b13-c-g\">\n<div class=\"gb-grid-column gb-grid-column-8c066c1b gb-grid-column-b13-c-g-c\"><div class=\"gb-container gb-container-8c066c1b gb-container-b13-c-g-c\">\n<div class=\"gb-container gb-container-3a7a3626\">\n\n<h3 class=\"gb-headline gb-headline-0bd08262 gb-headline-text gb-headline-b13-c-g-c-hl1\">Enskilda konton<\/h3>\n\n\n<div class=\"gb-button-wrapper gb-button-wrapper-a2d42b94 gb-button-wrapper-but-m\">\n\n<a class=\"gb-button gb-button-3bb7d8fd gb-button-text gb-button-but-m-blue\" href=\"https:\/\/safekloud.eu\/sv\/bestall\/\">Best\u00e4ll<\/a>\n\n<\/div>\n\n\n<ul class=\"wp-block-list list-check has-contrast-2-color has-text-color\">\n<li>Enskilda konton med lagring i Sverige\/inom EU<\/li>\n\n\n\n<li>Dela filer och dokument s\u00e4kert<\/li>\n\n\n\n<li>Ta emot filer och dokument s\u00e4kert<\/li>\n\n\n\n<li>Begr\u00e4nsat urval av Nextcloud-appar<\/li>\n<\/ul>\n\n\n\n<p style=\"font-size:15px\"><strong>Alternativ<\/strong><br>Nextcloud SK 10GB, 65kr\/m\u00e5n<br>Nextcloud SK 25GB, 100kr\/m\u00e5n<br>Nextcloud SK 50GB, 150kr\/m\u00e5n<br>Nextcloud SK 100GB, 250kr\/m\u00e5n<br>Nextcloud SK 250GB, 550kr\/m\u00e5n<br>Nextcloud SK 500GB, 1050kr\/m\u00e5n<\/p>\n\n\n\n<div style=\"height:83px\" aria-hidden=\"true\" class=\"wp-block-spacer\"><\/div>\n\n<\/div>\n<\/div><\/div>\n\n<div class=\"gb-grid-column gb-grid-column-76c2a5d3 gb-grid-column-b13-c-g-c\"><div class=\"gb-container gb-container-76c2a5d3 gb-container-b13-c-g-c\">\n<div class=\"gb-container gb-container-8975b6d4\">\n\n<h3 class=\"gb-headline gb-headline-26aa9ae4 gb-headline-text gb-headline-b13-c-g-c-hl1\">Familj<\/h3>\n\n\n<div class=\"gb-button-wrapper gb-button-wrapper-19fa5bf6 gb-button-wrapper-but-m\">\n\n<a class=\"gb-button gb-button-b664b22e gb-button-text gb-button-but-m-blue\" href=\"https:\/\/safekloud.eu\/sv\/bestall-familj\/\">Best\u00e4ll<\/a>\n\n<\/div>\n\n\n<p>Tillg\u00e5ng till 5st konton. <br>Utrymme delas mellan konton.<br>Kan endast best\u00e4llas av privatpersoner.<\/p>\n\n\n\n<ul class=\"wp-block-list list-check has-contrast-2-color has-text-color\">\n<li>Enskilda konton med lagring i Sverige\/inom EU<\/li>\n\n\n\n<li>Dela filer och dokument s\u00e4kert<\/li>\n\n\n\n<li>Ta emot filer och dokument s\u00e4kert<\/li>\n\n\n\n<li>Begr\u00e4nsat urval av Nextcloud-appar<\/li>\n<\/ul>\n\n\n\n<p style=\"font-size:15px\"><strong>Alternativ<\/strong><br>Nextcloud SK 25GB, 150kr\/m\u00e5n<br>Nextcloud SK 50GB, 250kr\/m\u00e5n<br><\/p>\n\n\n\n<div style=\"height:83px\" aria-hidden=\"true\" class=\"wp-block-spacer\"><\/div>\n\n<\/div>\n<\/div><\/div>\n\n<div class=\"gb-grid-column gb-grid-column-cfe5593f gb-grid-column-b13-c-g-c\"><div class=\"gb-container gb-container-cfe5593f gb-container-b13-c-g-c\">\n<div class=\"gb-container gb-container-19ced263\">\n\n<h3 class=\"gb-headline gb-headline-5371d659 gb-headline-text gb-headline-b13-c-g-c-hl1\">Egen milj\u00f6<\/h3>\n\n\n<div class=\"gb-button-wrapper gb-button-wrapper-dc758f20 gb-button-wrapper-but-m\">\n\n<a class=\"gb-button gb-button-954ae7e6 gb-button-text gb-button-but-m-blue\" href=\"https:\/\/webbplatsen.se\/nextcloud\/bestall\/\" target=\"_blank\" rel=\"noopener noreferrer\">Best\u00e4ll<\/a>\n\n<\/div>\n\n\n<ul class=\"wp-block-list list-check has-contrast-2-color has-text-color\">\n<li>Egen isolerad milj\u00f6 med lagring i Sverige\/inom EU<\/li>\n\n\n\n<li>Tillg\u00e5ng till alla Nextcloud-appar<\/li>\n\n\n\n<li>M\u00f6jlighet att installera egna Nextcloud-appar<\/li>\n\n\n\n<li>Dela filer och dokument s\u00e4kert<\/li>\n\n\n\n<li>Ta emot filer och dokument s\u00e4kert<\/li>\n\n\n\n<li>Kan kompletteras med systemf\u00f6rvaltning<\/li>\n\n\n\n<li>Kan kompletteras med Collabora Online<\/li>\n\n\n\n<li>M\u00f6jlighet till anpassad s\u00e4kerhetskonfiguration<\/li>\n\n\n\n<li>M\u00f6jlighet till backup\/s\u00e4kerhetskopiering<\/li>\n<\/ul>\n\n\n\n<p class=\"gb-headline gb-headline-c78aaab8 gb-headline-text\"><strong>Alternativ<\/strong><br>Nextcloud 50GB, 500kr\/m\u00e5n<br>Nextcloud 120GB, 900kr\/m\u00e5n<br>Nextcloud 300GB, 1450kr\/m\u00e5n<br>Nextcloud 600GB, 2650kr\/m\u00e5n<br>Nextcloud 1200GB, 4750kr\/m\u00e5n<\/p>\n\n\n\n<p class=\"gb-headline gb-headline-900080c9 gb-headline-text\">Kontakta oss vid behov av st\u00f6rre diskutrymme \u00e4n v\u00e5ra vanligaste alternativ.<\/p>\n\n\n\n<p style=\"font-size:15px\"><strong>Best\u00e4llning g\u00f6rs direkt p\u00e5 <a href=\"https:\/\/webbplatsen.se\/nextcloud\/bestall\/\" target=\"_blank\" rel=\"noreferrer noopener\">WebbPlatsens hemsida<\/a><\/strong><\/p>\n\n<\/div>\n<\/div><\/div>\n<\/div>\n\n<div class=\"gb-container gb-container-6cebbeac\">\n<div class=\"gb-container gb-container-91084f82\">\n\n<h3 class=\"gb-headline gb-headline-1c154612 gb-headline-text gb-headline-b7-c-c-hl1\"><strong>Egen Nextcloud-milj\u00f6<\/strong><\/h3>\n\n\n\n<p class=\"gb-headline gb-headline-7f33666c gb-headline-text\">Vi erbjuder Nextcloud som tj\u00e4nst i en egen isolerad milj\u00f6.<\/p>\n\n\n<div class=\"gb-container gb-container-ed305fb5\">\n\n<p class=\"gb-headline gb-headline-86c6e1bf gb-headline-text\">Nextcloud som tj\u00e4nst i en egen isolerad milj\u00f6 passar er som \u00e4r lite fler anv\u00e4ndare och\/eller vill installera s\u00e4rskilda Nextcloud-appar. <\/p>\n\n<\/div>\n\n\n<p class=\"gb-headline gb-headline-fc6c1515 gb-headline-text\"><strong>Mer information och best\u00e4llning g\u00f6rs p\u00e5 <a href=\"https:\/\/webbplatsen.se\/nextcloud\">WebbPlatsens hemsida<\/a>.<\/strong><\/p>\n\n<\/div>\n<\/div>\n<\/div>\n<\/div>\n\n<div class=\"gb-container gb-container-2f9cf94e gb-container-b3-c\">\n<div class=\"gb-container gb-container-b882185e gb-container-b3-c-c\">\n\n<h2 class=\"gb-headline gb-headline-fea0d754 gb-headline-text gb-headline-b3-c-c-hl1\">Nextcloud klienter<\/h2>\n\n\n\n<h3 class=\"gb-headline gb-headline-0ab45be7 gb-headline-text gb-headline-b3-c-c-hl2\">Ladda ner Nextcloud klienter f\u00f6r att passa dina behov<\/h3>\n\n\n\n<p class=\"gb-headline gb-headline-3c4a4a41 gb-headline-text gb-headline-b3-c-c-hl3\">Du kan komma \u00e5t alla dina filer med en modern webbl\u00e4sare. Om du vill ha synkroniseringsfunktioner kan du anv\u00e4nda Nextcloud klienter f\u00f6r Windows, Linux, macOS, iOS och\/eller Android.<\/p>\n\n<\/div>\n<\/div>\n\n<div class=\"gb-container gb-container-d8d1c0bb gb-container-b3-c\">\n<div class=\"gb-container gb-container-36b7d075 gb-container-b3-c-c\">\n\n<h2 class=\"gb-headline gb-headline-c829e870 gb-headline-text gb-headline-b3-c-c-hl1\">Delad plattform<\/h2>\n\n\n\n<p>Safekloud \u00e4r en delad plattform baserad p\u00e5 Nextcloud. Vissa appar \u00e4r tillg\u00e4ngliga, men inte alla. Om ni \u00e4r intresserade av en managerad och isolerad Nextcloud-instans f\u00f6r ert f\u00f6retag eller organisation, s\u00e5 finns <a href=\"https:\/\/webbplatsen.se\/nextcloud\" target=\"_blank\" rel=\"noreferrer noopener nofollow\">WebbPlatsens andra Nextcloud-planer<\/a>.<\/p>\n\n\n\n<p>Om ni v\u00e4ljer en egen Nextcloud-milj\u00f6 fr\u00e5n WebbPlatsen har ni total frihet vad g\u00e4ller vilka appar som \u00e4r installerade. I en s\u00e5dan milj\u00f6 kanske ni ocks\u00e5 vill ha <a href=\"https:\/\/webbplatsen.se\/collabora\/\" target=\"_blank\" rel=\"noreferrer noopener\">Collabo<\/a><a href=\"https:\/\/webbplatsen.se\/collabora\/\" target=\"_blank\" rel=\"noreferrer noopener nofollow\">r<\/a><a href=\"https:\/\/webbplatsen.se\/collabora\/\" target=\"_blank\" rel=\"noreferrer noopener\">a Online<\/a> f\u00f6r en b\u00e4ttre Office-upplevelse i molnet. <a href=\"https:\/\/webbplatsen.se\/collabora\/\" target=\"_blank\" rel=\"noreferrer noopener nofollow\">WebbPlatsen \u00e4r en auktoriserad Collabora-partner.<\/a><\/p>\n\n<\/div>\n<\/div>","protected":false},"excerpt":{"rendered":"<p>Best\u00e4ll Nextcloud som passar er Vi erbjuder Nextcloud som enskilda konton och i en egen isolerad milj\u00f6. Nextcloud som tj\u00e4nst &#8230; <a title=\"Priser\" class=\"read-more\" href=\"https:\/\/safekloud.eu\/sv\/priser\/\" aria-label=\"L\u00e4s mer om Priser\">L\u00e4s mer<\/a><\/p>\n","protected":false},"author":3,"featured_media":0,"parent":0,"menu_order":0,"comment_status":"closed","ping_status":"closed","template":"","meta":{"inline_featured_image":false,"footnotes":""},"class_list":{"0":"post-398","1":"page","2":"type-page","3":"status-publish","5":"infinite-scroll-item"},"yoast_head":"<!-- This site is optimized with the Yoast SEO plugin v27.2 - https:\/\/yoast.com\/product\/yoast-seo-wordpress\/ -->\n<title>Priser - Safekloud<\/title>\n<meta name=\"description\" content=\"Safekloud-priss\u00e4ttningen \u00e4r enkel och okomplicerad. Du betalar helt enkelt f\u00f6r den m\u00e4ngd data som kan lagras p\u00e5 ett konto.\" \/>\n<meta name=\"robots\" content=\"index, follow, max-snippet:-1, max-image-preview:large, max-video-preview:-1\" \/>\n<link rel=\"canonical\" href=\"https:\/\/safekloud.eu\/sv\/priser\/\" \/>\n<meta property=\"og:locale\" content=\"sv_SE\" \/>\n<meta property=\"og:type\" content=\"article\" \/>\n<meta property=\"og:title\" content=\"Priser - Safekloud\" \/>\n<meta property=\"og:description\" content=\"Safekloud-priss\u00e4ttningen \u00e4r enkel och okomplicerad. Du betalar helt enkelt f\u00f6r den m\u00e4ngd data som kan lagras p\u00e5 ett konto.\" \/>\n<meta property=\"og:url\" content=\"https:\/\/safekloud.eu\/sv\/priser\/\" \/>\n<meta property=\"og:site_name\" content=\"Safekloud\" \/>\n<meta property=\"article:modified_time\" content=\"2025-09-08T07:46:43+00:00\" \/>\n<meta property=\"og:image\" content=\"https:\/\/safekloud.eu\/wp-content\/uploads\/2023\/04\/undraw_cloud_files_wmo8.svg\" \/>\n<meta name=\"twitter:card\" content=\"summary_large_image\" \/>\n<script type=\"application\/ld+json\" class=\"yoast-schema-graph\">{\"@context\":\"https:\/\/schema.org\",\"@graph\":[{\"@type\":\"WebPage\",\"@id\":\"https:\/\/safekloud.eu\/sv\/priser\/\",\"url\":\"https:\/\/safekloud.eu\/sv\/priser\/\",\"name\":\"Priser - Safekloud\",\"isPartOf\":{\"@id\":\"https:\/\/safekloud.eu\/sv\/#website\"},\"primaryImageOfPage\":{\"@id\":\"https:\/\/safekloud.eu\/sv\/priser\/#primaryimage\"},\"image\":{\"@id\":\"https:\/\/safekloud.eu\/sv\/priser\/#primaryimage\"},\"thumbnailUrl\":\"https:\/\/safekloud.eu\/wp-content\/uploads\/2023\/04\/undraw_cloud_files_wmo8.svg\",\"datePublished\":\"2023-04-24T08:02:33+00:00\",\"dateModified\":\"2025-09-08T07:46:43+00:00\",\"description\":\"Safekloud-priss\u00e4ttningen \u00e4r enkel och okomplicerad. Du betalar helt enkelt f\u00f6r den m\u00e4ngd data som kan lagras p\u00e5 ett konto.\",\"breadcrumb\":{\"@id\":\"https:\/\/safekloud.eu\/sv\/priser\/#breadcrumb\"},\"inLanguage\":\"sv-SE\",\"potentialAction\":[{\"@type\":\"ReadAction\",\"target\":[\"https:\/\/safekloud.eu\/sv\/priser\/\"]}]},{\"@type\":\"ImageObject\",\"inLanguage\":\"sv-SE\",\"@id\":\"https:\/\/safekloud.eu\/sv\/priser\/#primaryimage\",\"url\":\"https:\/\/safekloud.eu\/wp-content\/uploads\/2023\/04\/undraw_cloud_files_wmo8.svg\",\"contentUrl\":\"https:\/\/safekloud.eu\/wp-content\/uploads\/2023\/04\/undraw_cloud_files_wmo8.svg\"},{\"@type\":\"BreadcrumbList\",\"@id\":\"https:\/\/safekloud.eu\/sv\/priser\/#breadcrumb\",\"itemListElement\":[{\"@type\":\"ListItem\",\"position\":1,\"name\":\"Hem\",\"item\":\"https:\/\/safekloud.eu\/sv\/\"},{\"@type\":\"ListItem\",\"position\":2,\"name\":\"Priser\"}]},{\"@type\":\"WebSite\",\"@id\":\"https:\/\/safekloud.eu\/sv\/#website\",\"url\":\"https:\/\/safekloud.eu\/sv\/\",\"name\":\"Safekloud\",\"description\":\"Nextcloud med lagring i Sverige\",\"publisher\":{\"@id\":\"https:\/\/safekloud.eu\/sv\/#organization\"},\"potentialAction\":[{\"@type\":\"SearchAction\",\"target\":{\"@type\":\"EntryPoint\",\"urlTemplate\":\"https:\/\/safekloud.eu\/sv\/?s={search_term_string}\"},\"query-input\":{\"@type\":\"PropertyValueSpecification\",\"valueRequired\":true,\"valueName\":\"search_term_string\"}}],\"inLanguage\":\"sv-SE\"},{\"@type\":\"Organization\",\"@id\":\"https:\/\/safekloud.eu\/sv\/#organization\",\"name\":\"Safekloud\",\"url\":\"https:\/\/safekloud.eu\/sv\/\",\"logo\":{\"@type\":\"ImageObject\",\"inLanguage\":\"sv-SE\",\"@id\":\"https:\/\/safekloud.eu\/sv\/#\/schema\/logo\/image\/\",\"url\":\"https:\/\/safekloud.eu\/wp-content\/uploads\/2023\/04\/safekloud_logo_dark.svg\",\"contentUrl\":\"https:\/\/safekloud.eu\/wp-content\/uploads\/2023\/04\/safekloud_logo_dark.svg\",\"caption\":\"Safekloud\"},\"image\":{\"@id\":\"https:\/\/safekloud.eu\/sv\/#\/schema\/logo\/image\/\"}}]}<\/script>\n<!-- \/ Yoast SEO plugin. -->","yoast_head_json":{"title":"Priser - Safekloud","description":"Safekloud-priss\u00e4ttningen \u00e4r enkel och okomplicerad. Du betalar helt enkelt f\u00f6r den m\u00e4ngd data som kan lagras p\u00e5 ett konto.","robots":{"index":"index","follow":"follow","max-snippet":"max-snippet:-1","max-image-preview":"max-image-preview:large","max-video-preview":"max-video-preview:-1"},"canonical":"https:\/\/safekloud.eu\/sv\/priser\/","og_locale":"sv_SE","og_type":"article","og_title":"Priser - Safekloud","og_description":"Safekloud-priss\u00e4ttningen \u00e4r enkel och okomplicerad. Du betalar helt enkelt f\u00f6r den m\u00e4ngd data som kan lagras p\u00e5 ett konto.","og_url":"https:\/\/safekloud.eu\/sv\/priser\/","og_site_name":"Safekloud","article_modified_time":"2025-09-08T07:46:43+00:00","og_image":[{"url":"https:\/\/safekloud.eu\/wp-content\/uploads\/2023\/04\/undraw_cloud_files_wmo8.svg","type":"","width":"","height":""}],"twitter_card":"summary_large_image","schema":{"@context":"https:\/\/schema.org","@graph":[{"@type":"WebPage","@id":"https:\/\/safekloud.eu\/sv\/priser\/","url":"https:\/\/safekloud.eu\/sv\/priser\/","name":"Priser - Safekloud","isPartOf":{"@id":"https:\/\/safekloud.eu\/sv\/#website"},"primaryImageOfPage":{"@id":"https:\/\/safekloud.eu\/sv\/priser\/#primaryimage"},"image":{"@id":"https:\/\/safekloud.eu\/sv\/priser\/#primaryimage"},"thumbnailUrl":"https:\/\/safekloud.eu\/wp-content\/uploads\/2023\/04\/undraw_cloud_files_wmo8.svg","datePublished":"2023-04-24T08:02:33+00:00","dateModified":"2025-09-08T07:46:43+00:00","description":"Safekloud-priss\u00e4ttningen \u00e4r enkel och okomplicerad. Du betalar helt enkelt f\u00f6r den m\u00e4ngd data som kan lagras p\u00e5 ett konto.","breadcrumb":{"@id":"https:\/\/safekloud.eu\/sv\/priser\/#breadcrumb"},"inLanguage":"sv-SE","potentialAction":[{"@type":"ReadAction","target":["https:\/\/safekloud.eu\/sv\/priser\/"]}]},{"@type":"ImageObject","inLanguage":"sv-SE","@id":"https:\/\/safekloud.eu\/sv\/priser\/#primaryimage","url":"https:\/\/safekloud.eu\/wp-content\/uploads\/2023\/04\/undraw_cloud_files_wmo8.svg","contentUrl":"https:\/\/safekloud.eu\/wp-content\/uploads\/2023\/04\/undraw_cloud_files_wmo8.svg"},{"@type":"BreadcrumbList","@id":"https:\/\/safekloud.eu\/sv\/priser\/#breadcrumb","itemListElement":[{"@type":"ListItem","position":1,"name":"Hem","item":"https:\/\/safekloud.eu\/sv\/"},{"@type":"ListItem","position":2,"name":"Priser"}]},{"@type":"WebSite","@id":"https:\/\/safekloud.eu\/sv\/#website","url":"https:\/\/safekloud.eu\/sv\/","name":"Safekloud","description":"Nextcloud med lagring i Sverige","publisher":{"@id":"https:\/\/safekloud.eu\/sv\/#organization"},"potentialAction":[{"@type":"SearchAction","target":{"@type":"EntryPoint","urlTemplate":"https:\/\/safekloud.eu\/sv\/?s={search_term_string}"},"query-input":{"@type":"PropertyValueSpecification","valueRequired":true,"valueName":"search_term_string"}}],"inLanguage":"sv-SE"},{"@type":"Organization","@id":"https:\/\/safekloud.eu\/sv\/#organization","name":"Safekloud","url":"https:\/\/safekloud.eu\/sv\/","logo":{"@type":"ImageObject","inLanguage":"sv-SE","@id":"https:\/\/safekloud.eu\/sv\/#\/schema\/logo\/image\/","url":"https:\/\/safekloud.eu\/wp-content\/uploads\/2023\/04\/safekloud_logo_dark.svg","contentUrl":"https:\/\/safekloud.eu\/wp-content\/uploads\/2023\/04\/safekloud_logo_dark.svg","caption":"Safekloud"},"image":{"@id":"https:\/\/safekloud.eu\/sv\/#\/schema\/logo\/image\/"}}]}},"_links":{"self":[{"href":"https:\/\/safekloud.eu\/sv\/wp-json\/wp\/v2\/pages\/398","targetHints":{"allow":["GET"]}}],"collection":[{"href":"https:\/\/safekloud.eu\/sv\/wp-json\/wp\/v2\/pages"}],"about":[{"href":"https:\/\/safekloud.eu\/sv\/wp-json\/wp\/v2\/types\/page"}],"author":[{"embeddable":true,"href":"https:\/\/safekloud.eu\/sv\/wp-json\/wp\/v2\/users\/3"}],"replies":[{"embeddable":true,"href":"https:\/\/safekloud.eu\/sv\/wp-json\/wp\/v2\/comments?post=398"}],"version-history":[{"count":14,"href":"https:\/\/safekloud.eu\/sv\/wp-json\/wp\/v2\/pages\/398\/revisions"}],"predecessor-version":[{"id":1289,"href":"https:\/\/safekloud.eu\/sv\/wp-json\/wp\/v2\/pages\/398\/revisions\/1289"}],"wp:attachment":[{"href":"https:\/\/safekloud.eu\/sv\/wp-json\/wp\/v2\/media?parent=398"}],"curies":[{"name":"wp","href":"https:\/\/api.w.org\/{rel}","templated":true}]}}